{"id":280,"date":"2023-05-25T13:57:23","date_gmt":"2023-05-25T11:57:23","guid":{"rendered":"https:\/\/aquaparkdecin.dchosting.cz\/?page_id=280"},"modified":"2023-05-25T13:57:23","modified_gmt":"2023-05-25T11:57:23","slug":"zakladni-skoly","status":"publish","type":"page","link":"https:\/\/aquaparkdecin.dchosting.cz\/?page_id=280","title":{"rendered":"Z\u00e1kladn\u00ed \u0161koly"},"content":{"rendered":"","protected":false},"excerpt":{"rendered":"","protected":false},"author":1,"featured_media":0,"parent":0,"menu_order":0,"comment_status":"closed","ping_status":"closed","template":"","meta":{"footnotes":""},"class_list":["post-280","page","type-page","status-publish","hentry"],"_links":{"self":[{"href":"https:\/\/aquaparkdecin.dchosting.cz\/index.php?rest_route=\/wp\/v2\/pages\/280","targetHints":{"allow":["GET"]}}],"collection":[{"href":"https:\/\/aquaparkdecin.dchosting.cz\/index.php?rest_route=\/wp\/v2\/pages"}],"about":[{"href":"https:\/\/aquaparkdecin.dchosting.cz\/index.php?rest_route=\/wp\/v2\/types\/page"}],"author":[{"embeddable":true,"href":"https:\/\/aquaparkdecin.dchosting.cz\/index.php?rest_route=\/wp\/v2\/users\/1"}],"replies":[{"embeddable":true,"href":"https:\/\/aquaparkdecin.dchosting.cz\/index.php?rest_route=%2Fwp%2Fv2%2Fcomments&post=280"}],"version-history":[{"count":1,"href":"https:\/\/aquaparkdecin.dchosting.cz\/index.php?rest_route=\/wp\/v2\/pages\/280\/revisions"}],"predecessor-version":[{"id":290,"href":"https:\/\/aquaparkdecin.dchosting.cz\/index.php?rest_route=\/wp\/v2\/pages\/280\/revisions\/290"}],"wp:attachment":[{"href":"https:\/\/aquaparkdecin.dchosting.cz\/index.php?rest_route=%2Fwp%2Fv2%2Fmedia&parent=280"}],"curies":[{"name":"wp","href":"https:\/\/api.w.org\/{rel}","templated":true}]}}